{"id":30,"date":"2024-08-15T14:11:22","date_gmt":"2024-08-15T14:11:22","guid":{"rendered":"https:\/\/imo.everus.com.br\/?page_id=30"},"modified":"2024-08-15T14:11:22","modified_gmt":"2024-08-15T14:11:22","slug":"agencias","status":"publish","type":"page","link":"https:\/\/imo.everus.com.br\/?page_id=30","title":{"rendered":"Ag\u00eancias"},"content":{"rendered":"    <div data-search-form-selector='.js-es-search:not(.es-search--ignore-ajax)'>\n\n<div class=\"es-agencies js-es-agencies-wrap js-es-entities-wrap\">\n            \n<div class=\"es-entities__search\">\n    <div class=\"es-search js-es-search es-search--agent js-es-search--agent\" id=\"es-search--6a08653ea099a\">\n        <form action=\"https:\/\/imo.everus.com.br\/?page_id=30\" method=\"get\">\n            <input type=\"hidden\" name=\"es\" value=\"1\"\/>\n\n\t        \t\t                            <input type=\"hidden\" name=\"page_id\" value=\"30\"\/>\n\t\t        \t        \n                            <div class=\"es-search__fields-wrap\">\n                    \n                               <div class='js-es-field es-field es-field__type es-field--select  js-search-field-container'>\n                                   <label for='type-6a08653ea1168'>\n\t\t\t<select id=\"type-6a08653ea1168\" name=\"type\" class=\"js-es-search-field js-es-search-field--type es-field__input\" data-single_unit=\"\" data-plural_unit=\"\" data-placeholder=\"Escolha valor\" search-placeholder=\"\" data-base-name=\"type\" data-value=\"agency\" ><option><\/option><option value='agent' >Consultor imobili\u00e1rio<\/option><option value='agency'  selected='selected'>Ag\u00eancia<\/option><\/select>\n\t\t<\/label>\n                               <\/div>\n                           \n                               <div class='js-es-field es-field es-field__es_service_area es-field--select  js-search-field-container'>\n                                   <label for='es_service_area-6a08653ea1486'>\n\t\t\t<select id=\"es_service_area-6a08653ea1486\" name=\"es_service_area[]\" class=\"js-es-search-field js-es-search-field--es_service_area es-field__input\" multiple=\"multiple\" data-single_unit=\"\" data-plural_unit=\"\" data-placeholder=\"\u00c1rea de atua\u00e7\u00e3o\" data-base-name=\"es_service_area\" ><option><\/option><\/select>\n\t\t<\/label>\n                               <\/div>\n                           \n                               <div class='es-field es-field__keywords es-field--text  js-search-field-container'>\n                                   <label for='es-field-keywords'><input id=\"es-field-keywords\" name=\"keywords\" placeholder=\"Nome\" class=\"es-field__input\" data-single_unit=\"\" data-plural_unit=\"\" type=\"text\" value=\"\" \/><\/label>\n                               <\/div>\n                           \n                    <button type=\"submit\" class=\"es-btn es-btn--primary\">\n                        <span class=\"es-icon es-icon_search\"><\/span>Pesquisar                    <\/button>\n\n                    <button type=\"submit\" class=\"es-btn es-btn--primary es-btn--icon\">\n                        <span class=\"es-icon es-icon_search\"><\/span>\n                    <\/button>\n                <\/div>\n                    <\/form>\n    <\/div>\n<\/div>\n    \n    \n<div class=\"es-entities__wrap-inner js-es-entities__wrap_inner et_smooth_scroll_disabled\">\n\t\n\t<div data-entity=\"agency\" class=\"js-es-agencies es-agencies js-es-entities es-entities es-entities--list\" data-layout=\"es-entities--list\" data-hash=\"cG9zdHNfcGVyX3BhZ2U9NDAmZGlzYWJsZV9uYXZiYXI9MCZzaG93X3NvcnQ9MSZzaG93X3RvdGFsPTEmc2hvd19wYWdlX3RpdGxlPTEmc29ydD1uZXdlc3QmbGltaXQ9MCZhZ2VuY2llc19pZD0mdHlwZT1hZ2VuY3kmbG9vcF91aWQ9MSZwYWdlX3RpdGxlPUFnw6puY2lhcyZpZ25vcmVfc2VhcmNoPTAmc2VhcmNoX2Zvcm1fc2VsZWN0b3I9LmpzLWVzLXNlYXJjaDpub3QoLmVzLXNlYXJjaC0taWdub3JlLWFqYXgpJmVuYWJsZV9zZWFyY2g9MSZzZWFyY2hfdHlwZT1zaW1wbGUmZW5hYmxlX2FqYXg9MSZ2aWV3X2FsbF9saW5rX25hbWU9VmVyIHRvZG9zJmRpc2FibGVfcGFnaW5hdGlvbj0wJndpc2hsaXN0X2NvbmZpcm09MCZyZXN0X3JvdXRlPS93cC92Mi9wYWdlcy8zMA==\">\n\t\t\t<\/div>\n\t\t\t<div class=\"es-no-found-posts\">\n\t<h2 class=\"es-no-found-posts__title heading-font\">Sem resultados<\/h2>\n\t<p class=\"content-font\">Ajuste a sua pesquisa alterando os filtros.<\/p>\n            <button type=\"button\" class=\"es-btn es-btn--secondary js-es-remove-filters\">\n            <span class=\"es-icon es-icon_close\"><\/span>\n            Remover todos os filtros        <\/button>\n    <\/div>\n\t\t<\/div>\n<\/div>\n\n    <\/div>\n\n","protected":false},"excerpt":{"rendered":"","protected":false},"author":1,"featured_media":0,"parent":0,"menu_order":0,"comment_status":"closed","ping_status":"closed","template":"","meta":{"footnotes":""},"class_list":["post-30","page","type-page","status-publish","hentry"],"_links":{"self":[{"href":"https:\/\/imo.everus.com.br\/index.php?rest_route=\/wp\/v2\/pages\/30"}],"collection":[{"href":"https:\/\/imo.everus.com.br\/index.php?rest_route=\/wp\/v2\/pages"}],"about":[{"href":"https:\/\/imo.everus.com.br\/index.php?rest_route=\/wp\/v2\/types\/page"}],"author":[{"embeddable":true,"href":"https:\/\/imo.everus.com.br\/index.php?rest_route=\/wp\/v2\/users\/1"}],"replies":[{"embeddable":true,"href":"https:\/\/imo.everus.com.br\/index.php?rest_route=%2Fwp%2Fv2%2Fcomments&post=30"}],"version-history":[{"count":0,"href":"https:\/\/imo.everus.com.br\/index.php?rest_route=\/wp\/v2\/pages\/30\/revisions"}],"wp:attachment":[{"href":"https:\/\/imo.everus.com.br\/index.php?rest_route=%2Fwp%2Fv2%2Fmedia&parent=30"}],"curies":[{"name":"wp","href":"https:\/\/api.w.org\/{rel}","templated":true}]}}